{"id":388,"date":"2018-06-27T10:16:25","date_gmt":"2018-06-27T10:16:25","guid":{"rendered":"http:\/\/e-infra.ro\/?page_id=388"},"modified":"2018-07-04T07:01:46","modified_gmt":"2018-07-04T07:01:46","slug":"protectia-datelor","status":"publish","type":"page","link":"https:\/\/e-infra.ro\/ro\/protectia-datelor\/","title":{"rendered":"Protectia datelor"},"content":{"rendered":"<section class=\"wpb-content-wrapper\">[vc_row][vc_column][vc_column_text css=&#8221;.vc_custom_1530094434461{margin-bottom: 0px !important;}&#8221;]<strong>INFORMARE CU PRIVIRE LA PRELUCARAREA DATELOR DUMNEAVOASTRA PERSONALE DE CATRE ELECTROGRUP INFRASTRUCTURE S.A.<\/strong><\/p>\n<p><strong>DE CE PRELUCRAM DATELE DVS. CU CARACTER PERSONAL?<\/strong><\/p>\n<p>Datele sunt a\u0219adar prelucrate direct de c\u0103tre compania <strong>S.C. ELECTROGRUP INFRASTRUCTURE S.A.,<\/strong> cu urm\u0103toarele date de identificare:<\/p>\n<p><strong>ELECTROGRUP INFRASTRUCTURE S.A.<\/strong>, Bd. Ion Ionescu de la Brad nr. 5A, sector 1, telefon: +4 031 106 52 70\u00a0\u00eenregistrat\u0103 la Oficiul Registrul Comer\u0163ului sub nr\u00a0 J40\/21132\/2017.<\/p>\n<p>C\u00e2nd sunte\u021bi destinatarul mesajelor provenite de la adrese de e-mail pe subdomeniu \u201e@e-infra.ro\u201d\u00a0 sau r\u0103spunde\u021bi sau trimite\u021bi mesaje c\u0103tre adrese de e-mail de pe subdomeniul e-infra.ro, trebuie s\u0103 fi\u021bi con\u0219tien\u021bi de faptul c\u0103 atat con\u021binutul acestor mesaje, precum \u0219i detaliile comunic\u0103rii (nume, prenume, func\u021bie, email, telefon\/datele din semnatura dvs electronic\u0103, etc.) cu <strong>ELECTROGRUP INFRASTRUCTURE S.A.<\/strong>, directorii, angaja\u021bii, agen\u021bii \u0219i reprezentan\u021bii s\u0103i autoriza\u021bi pot s\u0103 fie \u00eemp\u0103rt\u0103\u0219ite intern cu alte entit\u0103\u021bi <strong>ELECTROGRUP INFRASTRUCTURE S.A.<\/strong>, directori, angaja\u021bi, agen\u021bi sau reprezentan\u021bi autoriza\u021bi.<\/p>\n<p><strong>CARE SUNT M\u0102SURILE DE GARAN\u021aIE CU PRIVIRE LA DATELE DVS. PERSONALE?<\/strong><\/p>\n<p>Vom procesa datele dvs. personale p\u00e2n\u0103 la momentul \u00een care v\u0103 retrage\u021bi consim\u021b\u0103m\u00e2ntul pentru prelucrarea lor \u0219i nu exist\u0103 niciun alt motiv legal care s\u0103 ne permit\u0103 s\u0103 continu\u0103m procesarea datelor personale. De asemenea, garant\u0103m p\u0103strarea datelor dvs. personale \u00een siguran\u021b\u0103.<\/p>\n<p><strong>ELECTROGRUP INFRASTRUCTURE S.A.<\/strong>va lua m\u0103surile tehnice \u0219i organizatorice adecvate pentru a p\u0103stra datele dvs. personale protejate \u00eempotriva accesului neautorizat sau furtului, precum \u0219i a pierderii, manipul\u0103rii sau distrugerii accidentale. Accesul personalului <strong>ELECTROGRUP INFRASTRUCTURE S.A. <\/strong>se vor \u00eentemeia doar pe necesitatea de a cunoa\u0219te \u0219i vor fi supuse unor obliga\u021bii stricte de confiden\u021bialitate. Cu toate acestea, \u00een\u021belege\u021bi c\u0103 siguran\u021ba \u0219i securitatea sunt obliga\u021bii de diligen\u021b\u0103 care nu pot fi niciodat\u0103 garantate.<\/p>\n<p><strong>CARE SUNT DREPTURILE DVS.?<\/strong><\/p>\n<p>\u00cen calitate de persoan\u0103 vizat\u0103, ave\u021bi mai multe drepturi \u00een ceea ce prive\u0219te prelucrarea datelor dvs. personale. Aceste drepturi sunt dreptul de acces, dreptul la rectificare, dreptul de a retrage consim\u021b\u0103m\u00e2ntul dat mai devreme, dreptul la \u0219tergere, dreptul de a se opune prelucr\u0103rii datelor personale \u0219i dreptul pe care de a primi de la noi \u00eentr-o structur\u0103 utilizat\u0103 \u00een mod obi\u0219nuit \u0219i \u00een format electronic toate datele personale pe care ni le-a\u021bi furnizat.<br \/>\nDac\u0103 dori\u021bi s\u0103 depune\u021bi o cerere pentru exercitarea unuia sau mai multor dintre drepturile enumerate mai sus, pute\u021bi trimite un e-mail la\u00a0<a href=\"mailto:protectia.datelor@directone.ro\">protectia.datelor@e-infra.ro<\/a><\/p>\n<p>Ave\u021bi dreptul s\u0103 solicita\u021bi acces la toate datele personale pe care le prelucreaz\u0103 <strong>ELECTROGRUP INFRASTRUCTURE S.A. <\/strong>referitoare la dumneavoastr\u0103. <strong>ELECTROGRUP INFRASTRUCTURE S.A. <\/strong>\u00ee\u0219i rezerv\u0103 dreptul de a percepe o tax\u0103 administrativ\u0103 pentru mai multe solicit\u0103ri de acces ulterioare, care sunt prezentate \u00een mod clar pentru a provoca daune sau v\u0103t\u0103m\u0103ri pentru <strong>ELECTROGRUP INFRASTRUCTURE S.A.<\/strong><\/p>\n<p>Ave\u021bi dreptul s\u0103 cere\u021bi ca, orice date cu caracter personal care v\u0103 apar\u021bin, care sunt inexacte, s\u0103 fie corectate gratuit. \u00cen cazul \u00een care se depune o cerere de corectare, aceast\u0103 cerere va fi \u00eenso\u021bit\u0103 de dovada naturii eronate a datelor pentru care se solicit\u0103 corectarea.<\/p>\n<p>Ave\u021bi dreptul s\u0103 solicita\u021bi \u0219tergerea datelor personale referitoare la dvs. Cu toate acestea, trebuie s\u0103 re\u021bine\u021bi c\u0103 o solicitare de \u0219tergere va fi evaluat\u0103 de noi cu luarea \u00een considerare a obliga\u021biilor legale sau de reglementare sau ordine administrative ori judiciare care ar putea interzice aceast\u0103 \u0219tergere.<\/p>\n<p>\u00cen locul \u0219tergerii, pute\u021bi solicita, de asemenea, ca <strong>ELECTROGRUP INFRASTRUCTURE S.A. <\/strong>s\u0103 limiteze prelucrarea datelor dvs. personale dac\u0103 \u0219i c\u00e2nd: (a) contesta\u021bi corectitudinea acestor date, (b) prelucrarea este ilegal\u0103 sau (c) datele nu mai sunt necesare, dar ave\u021bi nevoie de ele pentru a v\u0103 ap\u0103ra \u00een procedurile judiciare.<\/p>\n<p>Ave\u021bi dreptul s\u0103 v\u0103 opune\u021bi prelucr\u0103rii datelor cu caracter personal dac\u0103 pute\u021bi demonstra c\u0103 exist\u0103 motive serioase \u0219i justificate legate de circumstan\u021bele specifice care justific\u0103 o astfel de opozi\u021bie. Cu toate acestea, dac\u0103 prelucrarea inten\u021bionat\u0103 se calific\u0103 drept marketing direct, ave\u021bi dreptul s\u0103 v\u0103 opune\u021bi acestei prelucr\u0103ri gratuit \u0219i f\u0103r\u0103 nicio justificare.<\/p>\n<p>Ave\u021bi dreptul s\u0103 primi\u021bi de la noi, \u00eentr-un format structurat, utilizat \u00een mod obi\u0219nuit \u0219i \u00een format electronic, toate datele personale pe care ni le-a\u021bi furnizat.<\/p>\n<p>Dac\u0103 dori\u021bi s\u0103 depune\u021bi o cerere pentru exercitarea unuia sau mai multor dintre drepturile enumerate mai sus, pute\u021bi trimite un e-mail la <a href=\"mailto:protectia.datelor@directone.ro\">protectia.datelor@e-infra.ro<\/a><\/p>\n<p>Un mesaj de po\u0219t\u0103 electronic\u0103 care solicit\u0103 exercitarea unui drept nu va fi interpretat ca un consim\u021b\u0103m\u00e2nt \u00een ceea ce prive\u0219te prelucrarea datelor dvs. personale dincolo de ceea ce este necesar pentru solu\u021bionarea cererii dumneavoastr\u0103. O astfel de solicitare ar trebui s\u0103 indice \u00een mod clar ce drept dori\u021bi s\u0103 exercita\u021bi \u0219i motivele, dac\u0103 acestea sunt necesare. De asemenea, cererea trebuie s\u0103 fie datat\u0103 \u0219i semnat\u0103 \u0219i s\u0103 fie \u00eenso\u021bit\u0103 de o copie scanat\u0103 digital a actului dvs. de identitate valabil, care v\u0103 dovede\u0219te identitatea.<\/p>\n<p><strong>ELECTROGRUP INFRASTRUCTURE S.A. <\/strong>v\u0103 va informa cu promptitudine despre faptul c\u0103 am primit aceast\u0103 solicitare. Dac\u0103 cererea se dovede\u0219te \u00eentemeiat\u0103, <strong>ELECTROGRUP INFRASTRUCTURE S.A.<\/strong> o va onora c\u00e2t mai cur\u00e2nd posibil, dar nu mai t\u00e2rziu de treizeci (30) de zile de la primirea solicit\u0103rii.<br \/>\nDac\u0103 ave\u021bi orice pl\u00e2ngere cu privire la prelucrarea datelor dvs. personale de c\u0103tre noi, pute\u021bi s\u0103 contacta\u021bi <strong>ELECTROGRUP INFRASTRUCTURE S.A.<\/strong> \u00eentotdeauna prin adresa de e-mail <a href=\"mailto:protectia.datelor@directone.ro\">protectia.datelor@e-infra.ro<\/a><\/p>\n<p>Dac\u0103 sunte\u021bi \u00een continuare nemul\u021bumit de r\u0103spunsul <strong>ELECTROGRUP INFRASTRUCTURE S.A.<\/strong>, ave\u021bi dreptul s\u0103 depune\u021bi o pl\u00e2ngere la autoritatea competent\u0103 pentru protec\u021bia datelor &#8211;\u00a0<strong>Autoritatea Na\u021bional\u0103 de Supraveghere a Prelucr\u0103rii Datelor cu Caracter Personal<\/strong>.[\/vc_column_text][\/vc_column][\/vc_row]\n<\/section>","protected":false},"excerpt":{"rendered":"<p>[vc_row][vc_column][vc_column_text css=&#8221;.vc_custom_1530094434461{margin-bottom: 0px !important;}&#8221;]INFORMARE CU PRIVIRE LA PRELUCARAREA DATELOR DUMNEAVOASTRA PERSONALE DE CATRE ELECTROGRUP INFRASTRUCTURE S.A. DE CE PRELUCRAM DATELE DVS. CU CARACTER PERSONAL? Datele sunt a\u0219adar prelucrate direct de c\u0103tre compania S.C. ELECTROGRUP INFRASTRUCTURE S.A., cu urm\u0103toarele date de identificare: ELECTROGRUP INFRASTRUCTURE S.A., Bd. Ion Ionescu de la Brad nr. 5A, sector 1, telefon: [&hellip;]<\/p>\n","protected":false},"author":1,"featured_media":0,"parent":0,"menu_order":0,"comment_status":"closed","ping_status":"closed","template":"","meta":[],"_links":{"self":[{"href":"https:\/\/e-infra.ro\/ro\/wp-json\/wp\/v2\/pages\/388"}],"collection":[{"href":"https:\/\/e-infra.ro\/ro\/wp-json\/wp\/v2\/pages"}],"about":[{"href":"https:\/\/e-infra.ro\/ro\/wp-json\/wp\/v2\/types\/page"}],"author":[{"embeddable":true,"href":"https:\/\/e-infra.ro\/ro\/wp-json\/wp\/v2\/users\/1"}],"replies":[{"embeddable":true,"href":"https:\/\/e-infra.ro\/ro\/wp-json\/wp\/v2\/comments?post=388"}],"version-history":[{"count":3,"href":"https:\/\/e-infra.ro\/ro\/wp-json\/wp\/v2\/pages\/388\/revisions"}],"predecessor-version":[{"id":435,"href":"https:\/\/e-infra.ro\/ro\/wp-json\/wp\/v2\/pages\/388\/revisions\/435"}],"wp:attachment":[{"href":"https:\/\/e-infra.ro\/ro\/wp-json\/wp\/v2\/media?parent=388"}],"curies":[{"name":"wp","href":"https:\/\/api.w.org\/{rel}","templated":true}]}}