{"id":327,"date":"2018-06-14T07:56:16","date_gmt":"2018-06-14T07:56:16","guid":{"rendered":"http:\/\/e-infra.ro\/?page_id=327"},"modified":"2025-05-08T07:37:16","modified_gmt":"2025-05-08T07:37:16","slug":"companii","status":"publish","type":"page","link":"https:\/\/e-infra.ro\/ro\/companii\/","title":{"rendered":"Companii"},"content":{"rendered":"<section class=\"wpb-content-wrapper\">[vc_row css=&#8221;.vc_custom_1527009557509{padding-bottom: 40px !important;}&#8221;][vc_column][mk_revslider id=&#8221;homepage&#8221;][\/vc_column][\/vc_row][vc_row][vc_column width=&#8221;1\/4&#8243; css=&#8221;.vc_custom_1527008841628{padding-top: 20px !important;background-color: #f8f9fa !important;}&#8221;][mk_custom_sidebar sidebar=&#8221;sidebar-1&#8243;][\/vc_column][vc_column width=&#8221;3\/4&#8243;][mk_fancy_title size=&#8221;32&#8243; line_height=&#8221;105&#8243; font_weight=&#8221;300&#8243; txt_transform=&#8221;none&#8221; font_family=&#8221;none&#8221;]Grupul\u00a0<span class=\"text-primary\">E-INFRA<\/span>[\/mk_fancy_title][vc_column_text css=&#8221;.vc_custom_1656318991744{margin-bottom: 0px !important;}&#8221;]Investitiile si operatiunile E-INFRA\u00a0implica companii active in mai multe verticale de infrastructura: Electrogrup, Nova Power &amp; Gas, Direct One, Netcity si Wesee.[\/vc_column_text][vc_column_text margin_bottom=&#8221;20&#8243; css=&#8221;.vc_custom_1676644107151{margin-bottom: 0px !important;background-color: #ffffff !important;}&#8221;]\t\t<style>\n\t\t\t#wpls-logo-showcase-slider-1 .wpls-fix-box,\n\t\t\t#wpls-logo-showcase-slider-1 .wpls-fix-box img.wp-post-image{max-height:250px; }\n\t\t<\/style>\n\t\t<div class=\"wpls-wrap wpls-logo-showcase-slider-wrp wpls-logo-clearfix wpls-design-1 \" data-conf=\"{&quot;slides_column&quot;:4,&quot;slides_scroll&quot;:1,&quot;dots&quot;:&quot;true&quot;,&quot;arrows&quot;:&quot;true&quot;,&quot;autoplay&quot;:&quot;true&quot;,&quot;autoplay_interval&quot;:3000,&quot;loop&quot;:&quot;true&quot;,&quot;rtl&quot;:&quot;false&quot;,&quot;speed&quot;:800,&quot;center_mode&quot;:&quot;false&quot;,&quot;lazyload&quot;:&quot;&quot;}\">\n\t\t\t<div class=\"wpls-logo-showcase logo_showcase wpls-logo-slider  sliderimage_hide_border \" id=\"wpls-logo-showcase-slider-1\" >\n\t\t\t\t<div class=\"wpls-logo-cnt\">\n\t<div class=\"wpls-fix-box\">\n\t\t\t\t<a href=\"https:\/\/e-infra.ro\/ro\/companii?tab=wesse\" target=\"_self\">\n\t\t\t<img class=\"wp-post-image\"  src=\"https:\/\/e-infra.ro\/wp-content\/uploads\/2024\/03\/logo_wesee.png\" alt=\"\" \/>\n\t\t<\/a>\n\t\t\t<\/div>\n\t<\/div><div class=\"wpls-logo-cnt\">\n\t<div class=\"wpls-fix-box\">\n\t\t\t\t<a href=\"https:\/\/e-infra.ro\/ro\/companii?tab=nova\" target=\"_self\">\n\t\t\t<img class=\"wp-post-image\"  src=\"https:\/\/e-infra.ro\/wp-content\/uploads\/2024\/03\/nova-color.png\" alt=\"\" \/>\n\t\t<\/a>\n\t\t\t<\/div>\n\t<\/div><div class=\"wpls-logo-cnt\">\n\t<div class=\"wpls-fix-box\">\n\t\t\t\t<a href=\"https:\/\/e-infra.ro\/ro\/companii?tab=netcity\" target=\"_self\">\n\t\t\t<img class=\"wp-post-image\"  src=\"https:\/\/e-infra.ro\/wp-content\/uploads\/2024\/03\/netcity-color.png\" alt=\"\" \/>\n\t\t<\/a>\n\t\t\t<\/div>\n\t<\/div><div class=\"wpls-logo-cnt\">\n\t<div class=\"wpls-fix-box\">\n\t\t\t\t<a href=\"https:\/\/e-infra.ro\/ro\/companii?tab=directone\" target=\"_self\">\n\t\t\t<img class=\"wp-post-image\"  src=\"https:\/\/e-infra.ro\/wp-content\/uploads\/2024\/03\/directone-color.png\" alt=\"\" \/>\n\t\t<\/a>\n\t\t\t<\/div>\n\t<\/div><div class=\"wpls-logo-cnt\">\n\t<div class=\"wpls-fix-box\">\n\t\t\t\t<a href=\"https:\/\/e-infra.ro\/ro\/companii?tab=electrogroup\" target=\"_self\">\n\t\t\t<img class=\"wp-post-image\"  src=\"https:\/\/e-infra.ro\/wp-content\/uploads\/2024\/03\/electrogrup-color.png\" alt=\"\" \/>\n\t\t<\/a>\n\t\t\t<\/div>\n\t<\/div>\t\t\t<\/div>\n\t\t<\/div>\n\n\t\t[\/vc_column_text][vc_row_inner el_class=&#8221;electrogroup&#8221;][vc_column_inner][vc_single_image image=&#8221;1990&#8243; img_size=&#8221;full&#8221;][vc_column_text css=&#8221;.vc_custom_1746689824522{margin-bottom: 0px !important;}&#8221;]<strong>Electrogrup &#8211; Proiecte la cheie si servicii profesionale in infrastructura<\/strong><\/p>\n<p class=\"text-muted\">Infiintata in 1997, Electrogrup este cea mai mare subsidiara a E-INFRA ca venituri si numar de angajati, oferind servicii profesionale pe trei sectoare de activitate.<\/p>\n<p class=\"text-muted\">Compania ofera solutii la cheie si servicii de mentenanta in proiecte complexe de energie, telecomunicatii si infrastructura civila, la nivel national si international, prin centrele sale operationale si echipele de lucru din aproape toate judetele din tara si din strainatate.<\/p>\n<p class=\"text-muted\">Experienta echipei Electrogrup se afla in centrul succesului companiei, in timp ce pozitia sa pe piata s-a consolidat semnificativ in ultimii 28 de ani.<\/p>\n<p class=\"text-muted\">Electrogrup este acum una dintre cele mai importante companii de constructie de infrastructura de telecomunicatii din Romania, cu peste 15.000 km de fibra optica proiectata, instalata si pusa in functiune, peste 1.500 de site-uri si turnuri de telecomunicatii si peste 2.500 de retele de acces radio instalate.<\/p>\n<p class=\"text-muted\">Compania ofera servicii la cheie de transport (220 &#8211; 400 kV) si retele de distributie a energiei electrice (0,4 &#8211; 110 kV). Solutiile end-to-end acopera proiectarea, instalarea si intretinerea liniilor electrice, substatii, echipamente de joasa tensiune, sisteme electrice interioare, retele de date, control acces si automatizare, solutii de contorizare inteligenta, servicii SCADA si solutii de energie regenerabila.<\/p>\n<p class=\"text-muted\">In ultimii ani, Electrogrup s-a implicat si in proiecte complexe de constructii civile. Compania ofera o gama larga de activitati, printre care: lucrari de constructii civile si industriale, fundatii pentru turnuri de telecomunicatii, lucrari de terasament, drumuri de acces, platforme industriale si facilitati.<\/p>\n<p>In 2021, Electrogrup a adaugat o noua divizie, Netcity, responsabila cu construirea si intretinerea infrastructurii subterane de telecomunicatii din Bucuresti. Planul de investitii pentru urmatorii 4 ani include constructia a peste 1.700 km de retea Netcity.<\/p>\n<p class=\"text-muted\">Experienta agregata de-a lungul anilor, gradul ridicat de profesionalism si numarul mare de proiecte de succes au contribuit la dezvoltarea unor procese eficiente de lucru prin care compania ofera solutii &#8220;inteligente&#8221;: in timp util, fiabile, inovatoare, economice si durabile.<\/p>\n<p class=\"text-muted\"><a class=\"text-primary\" href=\"http:\/\/electrogrup.ro\/\" target=\"_blank\" rel=\"noopener\">http:\/\/electrogrup.ro<\/a><\/p>\n[\/vc_column_text][\/vc_column_inner][\/vc_row_inner][vc_row_inner el_class=&#8221;directone hide&#8221;][vc_column_inner][vc_column_text css=&#8221;.vc_custom_1581523191722{margin-bottom: 0px !important;}&#8221;]<strong>Direct One &#8211; Infrastructura de fibra optica si transport de date<\/strong><\/p>\n<p>&nbsp;<\/p>\n<p class=\"text-muted\">Infiintata in 2007, Direct One este un furnizor de infrastructura de fibra optica si servicii de date pentru operatorii de telecomunicatii. Compania a dezvoltat propria retea nationala de telecomunicatii de mare capacitate, dotata cu cele mai noi tehnologii disponibile.<\/p>\n<p class=\"text-muted\">Compania joaca un rol activ in leasingul si inchirierea de fibra optica long-distance pe piata romaneasca.<\/p>\n<p class=\"text-muted\">Direct One este singurul operator neutru de infrastructura de telecomunicatii din Romania, gestionand cea mai mare retea de telecomunicatii non-carrier, cu aproximativ 60.000 km de fibra pe un traseu total de aproximativ 4.500 de kilometri, dintre care peste 4.100 km sunt detinuti de companie.<\/p>\n<p class=\"text-muted\">Reteaua de fibra optica Direct One are puncte de prezenta (&#8220;POPs&#8221;) in 52 de orase mari, in timp ce infrastructura pasiva de fibra optica (dark fiber) a fost completata cu transmisii optice si capabilitati IP multiservice.<\/p>\n<p><a class=\"text-primary\" href=\"http:\/\/directone.ro\/\" target=\"_blank\" rel=\"noopener\">http:\/\/directone.ro<\/a>[\/vc_column_text][\/vc_column_inner][\/vc_row_inner][vc_row_inner el_class=&#8221;nova hide&#8221;][vc_column_inner][vc_column_text css=&#8221;.vc_custom_1746689834895{margin-bottom: 0px !important;}&#8221;]<strong>Nova Power &amp; Gas &#8211; Productie si furnizare de energie electrica. Infrastructura de distributie si furnizare de gaze naturale.<\/strong><\/p>\n<p>&nbsp;<\/p>\n<p>Nova Power &amp; Gas, companie 100% romaneasca de furnizare a gazelor naturale si energiei electrice, este unul dintre pilonii E-INFRA Group, alaturi de Electrogrup, Direct One si Netcity. Impreuna, grupul de companii ofera unele dintre cele mai puternice servicii de infrastructura energetica, telecomunicatii, constructii si smart city din Romania.<\/p>\n<p>Intrata pe piata de energie in 2007, Nova Power &amp; Gas are o oferta si un portofoliul de servicii adresate atat clientilor casnici, cat si companiilor, cu focus pe eficientizarea consumului si a costurilor. Compania infiintata la Cluj-Napoca a devenit astfel un jucator tot mai important pe piata de furnizare a gazelor naturale si energiei electrice.<\/p>\n<p>Ca parte a E-INFRA Group, Nova Power &amp; Gas contribuie la dezvoltarea infrastructurii energetice a Romaniei, prin proiecte destinate productiei locale de energie. Din 2012, compania a inceput investitiile in infrastructura de productie de energie electrica din surse regenerabile, dezvoltand pana in prezent doua parcuri fotovoltaice cu o putere instalata de 9 MW, in vestul tarii. La finalul anului trecut, Nova, impreuna cu Electrogrup, au inceput lucrarile la prima centrala electrica pe baza de gaze naturale. Estimata la 7 milioane de euro, investitia realizata in Campia Turzii, judetul Cluj, va dezvolta o putere de 13.4 MW. Centrala face parte dintr-un proiect mai amplu, urmand sa fie construita si o a doua unitate, cu o capacitate de peste 100 MW.<\/p>\n<p>Proiectele de infrastructura de productie sunt dublate de proiecte de constructie a retelelor de distributie a energiei electrice si gazelor naturale in mai multe orase din tara. Astfel, Nova Power &amp; Gas investeste intr-un viitor sustenabil, oferind servicii si solutii complete clientilor, de la productie pana la furnizare finala, cu oferte foarte avantajoase.<\/p>\n<p>Un partener de incredere pentru mediul de business de peste 18 ani, Nova Power &amp; Gas este un actor important si pe piata consumatorilor casnici, fiind o alternativa reala atat pe piata liberalizata a furnizorilor de gaze naturale, cat si pe recent liberalizata piata de energie electrica.<\/p>\n<p><a class=\"text-primary\" href=\"http:\/\/novapg.ro\/\" target=\"_blank\" rel=\"noopener\">http:\/\/vreaulanova.ro<\/a>[\/vc_column_text][\/vc_column_inner][\/vc_row_inner][vc_row_inner el_class=&#8221;wesse hide&#8221;][vc_column_inner][vc_column_text css=&#8221;.vc_custom_1653381066718{margin-bottom: 0px !important;}&#8221;]<strong>Unul dintre cei mai importanti furnizori de servicii de instalare si mentenanta in sectorul energiei eoliene din Romania<\/strong><\/p>\n<p>WESEE si-a inceput activitatea in Romania in 2010 ca o companie specializata in instalatii si mentenanta specifica pentru convertoare eoliene, in contextul unei piete de energie eoliana in crestere rapida.<\/p>\n<p>Cu mai bine de un deceniu de existenta, WESEE a evoluat continuu, adaugand noi linii de business la cele deja consacrate \u2013 servicii energetice diverse, reparatii sisteme de avertizare pentru aviatie, pastrand accentul pe activitatea de baza care a confirmat WESEE ca un partener de incredere la nivel european pentru cei mai importanti jucatori de pe piata regenerabilelor \u2013 GE, ENERCON, GAMESA.<\/p>\n<p>Anul 2022 a adus o schimbare de actionariat, prin integrarea in grupul de companii E-INFRA, oferind WESEE forta si o noua baza de crestere consistenta.<\/p>\n<p>&nbsp;<\/p>\n<p><strong>O gama larga de servicii profesionale pentru sectorul energetic<\/strong><\/p>\n<p>Servicii complete de instalare<\/p>\n<p>Instalare WEC, retehnologizare, diverse lucrari de modernizare, lucrari de asamblare\/preasamblare pentru nacela si palete, instalare de turnuri din otel si hibride, lucrari de cablare si conexiuni la retea, instalare de scari de siguranta si ascensoare de serviciu.<\/p>\n<p>Lucrari de mentenanta<\/p>\n<p>Schimb de componente principale, intretinere anuala preventiva, intretinere de rodaj, schimb de ulei si lichid de racire, schimb de placute de frana de soc, diverse lucrari de modernizare, tensionarea suruburilor de ancorare, diverse lucrari de depanare si reparatii mecanice si electrice, lucrari de reparatii ale ascensoarelor de serviciu etc.<\/p>\n<p>Servicii energetice<\/p>\n<p>Lucrari de montaj si instalare de stalpi pentru linii de inalta si foarte inalta tensiune, statii electrice, conexiuni interne la retea si instalatii mecanice pentru proiecte regenerabile (eoliene si solare)<\/p>\n<p>Modernizarea luminilor de aviatie<\/p>\n<p>Lucrari de modernizare in conformitate cu noile norme si reglementari de mediu, intretinere si reparatii, lumini de aviatie, inlocuirea antenelor, instalarea transponderului, lucrari de cablare, instalare si conectare a noilor dulapuri de comunicatii.<\/p>\n<p><a class=\"text-primary\" href=\"http:\/\/wesee.ro\/\" target=\"_blank\" rel=\"noopener\">http:\/\/wesee.ro\/<\/a>[\/vc_column_text][\/vc_column_inner][\/vc_row_inner][vc_row_inner el_class=&#8221;netcity hide&#8221;][vc_column_inner][vc_column_text align=&#8221;center&#8221; css=&#8221;.vc_custom_1664981001620{margin-bottom: 0px !important;}&#8221;]<iframe style=\"height: 500px; max-width: 850px;\" title=\"Iframe Example\" src=\"https:\/\/www.netcity-bucuresti.ro\/other\/public\/map-site-netcity.php\" scrolling=\"no\"><\/iframe>[\/vc_column_text][vc_column_text css=&#8221;.vc_custom_1709566182704{margin-bottom: 0px !important;}&#8221;]<strong>Netcity &#8211; Infrastructura subterana de fibra optica pentru comunicatii in Bucuresti<\/strong><\/p>\n<p style=\"font-weight: 400;\">Fondata in 2007, Netcity Telecom este un furnizor de infrastructura de telecomunicatii pasive in Municipiul Bucuresti, aflat in plina expansiune. Netcity actioneaza ca un \u201ccarrier-of-carriers\u201d, fiind compania care opereaza infrastructura subterana de telecomunicatii din Capitala.<\/p>\n<p style=\"font-weight: 400;\">Activitatile Netcity includ proiectarea, construirea, administrarea si exploatarea infrastructurii subterane pentru telecomunicatii din Bucuresti cu scopul de a satisface nevoia operatorilor de telecomunicatii de a-si realiza retele de comunicatii electronice, imbunatatind totodata aspectul vizual al orasului prin migrarea retelelor de cabluri aeriene in subteran.<\/p>\n<p style=\"font-weight: 400;\">Infrastructura metropolitana dezvoltata de Netcity este pusa la dispozitie in mod egal, transparent si nediscriminatoriu tuturor companiilor si operatorilor de telecomunicatii care activeaza sau doresc sa ofere servicii pe teritoriul Municipiului Bucuresti.<\/p>\n<p>Printr-un parteneriat strategic incheiat la finalul anului 2021 intre gupurile E-INFRA si Meridiam, unde aceasta din urma a dobandit control egal si 49% din actiuni, compania s-a angajat intr-un proiect de extindere semnificativa a retelei cu scopul de a obtine o acoperire completa a zonei metropolitane in anii urmatori.<\/p>\n<p>P\u00e2n\u0103 la sf\u00e2r\u0219itul anului 2023, Netcity a construit \u0219i operat o re\u021bea subteran\u0103 de peste 2.500 km \u0219i a conectat peste 50.000 de cl\u0103diri din Bucure\u0219ti.<\/p>\n<p><a class=\"text-primary\" href=\"http:\/\/net-city.ro\/\" target=\"_blank\" rel=\"noopener\">http:\/\/net-city.ro<\/a>[\/vc_column_text][\/vc_column_inner][\/vc_row_inner][\/vc_column][\/vc_row]\n<\/section>","protected":false},"excerpt":{"rendered":"<p>[vc_row css=&#8221;.vc_custom_1527009557509{padding-bottom: 40px !important;}&#8221;][vc_column][mk_revslider id=&#8221;homepage&#8221;][\/vc_column][\/vc_row][vc_row][vc_column width=&#8221;1\/4&#8243; css=&#8221;.vc_custom_1527008841628{padding-top: 20px !important;background-color: #f8f9fa !important;}&#8221;][mk_custom_sidebar sidebar=&#8221;sidebar-1&#8243;][\/vc_column][vc_column width=&#8221;3\/4&#8243;][mk_fancy_title size=&#8221;32&#8243; line_height=&#8221;105&#8243; font_weight=&#8221;300&#8243; txt_transform=&#8221;none&#8221; font_family=&#8221;none&#8221;]Grupul\u00a0E-INFRA[\/mk_fancy_title][vc_column_text css=&#8221;.vc_custom_1656318991744{margin-bottom: 0px !important;}&#8221;]Investitiile si operatiunile E-INFRA\u00a0implica companii active in mai multe verticale de infrastructura: Electrogrup, Nova Power &amp; Gas, Direct One, Netcity si Wesee.[\/vc_column_text][vc_column_text margin_bottom=&#8221;20&#8243; css=&#8221;.vc_custom_1676644107151{margin-bottom: 0px !important;background-color: #ffffff !important;}&#8221;][\/vc_column_text][vc_row_inner el_class=&#8221;electrogroup&#8221;][vc_column_inner][vc_single_image image=&#8221;1990&#8243; img_size=&#8221;full&#8221;][vc_column_text css=&#8221;.vc_custom_1746689824522{margin-bottom: 0px !important;}&#8221;]Electrogrup &#8211; [&hellip;]<\/p>\n","protected":false},"author":1,"featured_media":0,"parent":0,"menu_order":0,"comment_status":"closed","ping_status":"closed","template":"","meta":[],"_links":{"self":[{"href":"https:\/\/e-infra.ro\/ro\/wp-json\/wp\/v2\/pages\/327"}],"collection":[{"href":"https:\/\/e-infra.ro\/ro\/wp-json\/wp\/v2\/pages"}],"about":[{"href":"https:\/\/e-infra.ro\/ro\/wp-json\/wp\/v2\/types\/page"}],"author":[{"embeddable":true,"href":"https:\/\/e-infra.ro\/ro\/wp-json\/wp\/v2\/users\/1"}],"replies":[{"embeddable":true,"href":"https:\/\/e-infra.ro\/ro\/wp-json\/wp\/v2\/comments?post=327"}],"version-history":[{"count":56,"href":"https:\/\/e-infra.ro\/ro\/wp-json\/wp\/v2\/pages\/327\/revisions"}],"predecessor-version":[{"id":2586,"href":"https:\/\/e-infra.ro\/ro\/wp-json\/wp\/v2\/pages\/327\/revisions\/2586"}],"wp:attachment":[{"href":"https:\/\/e-infra.ro\/ro\/wp-json\/wp\/v2\/media?parent=327"}],"curies":[{"name":"wp","href":"https:\/\/api.w.org\/{rel}","templated":true}]}}