{"id":293,"date":"2018-06-13T12:21:23","date_gmt":"2018-06-13T12:21:23","guid":{"rendered":"http:\/\/e-infra.ro\/?page_id=293"},"modified":"2025-12-19T09:52:43","modified_gmt":"2025-12-19T09:52:43","slug":"despre","status":"publish","type":"page","link":"https:\/\/e-infra.ro\/ro\/despre\/","title":{"rendered":"Despre"},"content":{"rendered":"<section class=\"wpb-content-wrapper\">[vc_row css=&#8221;.vc_custom_1527009557509{padding-bottom: 40px !important;}&#8221;][vc_column][mk_revslider id=&#8221;homepage&#8221;][\/vc_column][\/vc_row][vc_row][vc_column width=&#8221;1\/4&#8243; css=&#8221;.vc_custom_1527008841628{padding-top: 20px !important;background-color: #f8f9fa !important;}&#8221;][mk_custom_sidebar sidebar=&#8221;sidebar-1&#8243;][\/vc_column][vc_column width=&#8221;3\/4&#8243;][mk_image src=&#8221;https:\/\/e-infra.ro\/wp-content\/uploads\/2023\/02\/foto-about1.jpg&#8221; image_size=&#8221;full&#8221;][mk_fancy_title size=&#8221;20&#8243; font_weight=&#8221;bold&#8221; txt_transform=&#8221;none&#8221; margin_top=&#8221;20&#8243; font_family=&#8221;none&#8221;]Despre E-INFRA[\/mk_fancy_title][vc_column_text css=&#8221;.vc_custom_1746689861609{margin-bottom: 0px !important;}&#8221;]Cu o experien\u021b\u0103 de peste 28 de ani, Grupul E-INFRA cuprinde 5 companii rom\u00e2ne\u0219ti, active \u00een domeniul energiei, construc\u021biilor \u0219i infrastructurii de telecomunica\u021bii.<\/p>\n<p>Din holdingul E-INFRA fac parte: Electrogrup, antreprenor EPC pentru proiecte complexe de infrastructur\u0103 critic\u0103 pentru energie \u0219i energie regenerabil\u0103, construc\u021bii \u0219i proiecte de telecomunica\u021bii, Nova Power and Gas, activ\u0103 \u00een produc\u021bia de energie, furnizarea de energie \u0219i gaze naturale, distribu\u021bia de gaze naturale \u0219i trading cu energie \u0219i gaze, Netcity Telecom, companie care dezvolt\u0103 \u0219i opereaz\u0103 infrastructura metropolitan\u0103 de fibr\u0103 optic\u0103 din Bucure\u0219ti, Direct One, operatorul celei mai mari re\u021bele neutre de fibr\u0103 optic\u0103 la distan\u021b\u0103 cu acoperire na\u021bional\u0103, servicii de mentenan\u021b\u0103 \u0219i proiecte de telecomunica\u021bii \u0219i WESEE, care ofer\u0103 servicii complete de instalare \u0219i mentenan\u021b\u0103 pentru parcuri eoliene.<\/p>\n<p>Principalul obiectiv al Grupului E-INFRA este de a \u00eembun\u0103t\u0103\u021bi calitatea vie\u021bii oamenilor prin furnizarea unei infrastructuri moderne de ultim\u0103 genera\u021bie care s\u0103 sus\u021bin\u0103 un viitor mai bun.[\/vc_column_text][\/vc_column][\/vc_row]\n<\/section>","protected":false},"excerpt":{"rendered":"<p>[vc_row css=&#8221;.vc_custom_1527009557509{padding-bottom: 40px !important;}&#8221;][vc_column][mk_revslider id=&#8221;homepage&#8221;][\/vc_column][\/vc_row][vc_row][vc_column width=&#8221;1\/4&#8243; css=&#8221;.vc_custom_1527008841628{padding-top: 20px !important;background-color: #f8f9fa !important;}&#8221;][mk_custom_sidebar sidebar=&#8221;sidebar-1&#8243;][\/vc_column][vc_column width=&#8221;3\/4&#8243;][mk_image src=&#8221;https:\/\/e-infra.ro\/wp-content\/uploads\/2023\/02\/foto-about1.jpg&#8221; image_size=&#8221;full&#8221;][mk_fancy_title size=&#8221;20&#8243; font_weight=&#8221;bold&#8221; txt_transform=&#8221;none&#8221; margin_top=&#8221;20&#8243; font_family=&#8221;none&#8221;]Despre E-INFRA[\/mk_fancy_title][vc_column_text css=&#8221;.vc_custom_1746689861609{margin-bottom: 0px !important;}&#8221;]Cu o experien\u021b\u0103 de peste 28 de ani, Grupul E-INFRA cuprinde 5 companii rom\u00e2ne\u0219ti, active \u00een domeniul energiei, construc\u021biilor \u0219i infrastructurii de telecomunica\u021bii. Din holdingul E-INFRA fac parte: Electrogrup, antreprenor EPC pentru [&hellip;]<\/p>\n","protected":false},"author":1,"featured_media":0,"parent":0,"menu_order":0,"comment_status":"closed","ping_status":"closed","template":"","meta":[],"_links":{"self":[{"href":"https:\/\/e-infra.ro\/ro\/wp-json\/wp\/v2\/pages\/293"}],"collection":[{"href":"https:\/\/e-infra.ro\/ro\/wp-json\/wp\/v2\/pages"}],"about":[{"href":"https:\/\/e-infra.ro\/ro\/wp-json\/wp\/v2\/types\/page"}],"author":[{"embeddable":true,"href":"https:\/\/e-infra.ro\/ro\/wp-json\/wp\/v2\/users\/1"}],"replies":[{"embeddable":true,"href":"https:\/\/e-infra.ro\/ro\/wp-json\/wp\/v2\/comments?post=293"}],"version-history":[{"count":21,"href":"https:\/\/e-infra.ro\/ro\/wp-json\/wp\/v2\/pages\/293\/revisions"}],"predecessor-version":[{"id":2973,"href":"https:\/\/e-infra.ro\/ro\/wp-json\/wp\/v2\/pages\/293\/revisions\/2973"}],"wp:attachment":[{"href":"https:\/\/e-infra.ro\/ro\/wp-json\/wp\/v2\/media?parent=293"}],"curies":[{"name":"wp","href":"https:\/\/api.w.org\/{rel}","templated":true}]}}